{"id":26929,"date":"2022-09-30T02:57:52","date_gmt":"2022-09-30T02:57:52","guid":{"rendered":"https:\/\/equipandgrow.org\/es\/?page_id=26929"},"modified":"2025-03-26T02:11:45","modified_gmt":"2025-03-26T09:11:45","slug":"terms-conditions","status":"publish","type":"page","link":"https:\/\/equipandgrow.org\/es\/terms-conditions\/","title":{"rendered":"Terms &amp; Conditions"},"content":{"rendered":"\t\t<div data-elementor-type=\"wp-page\" data-elementor-id=\"26929\" class=\"elementor elementor-26929\">\n\t\t\t\t\t\t\t\t\t<section data-particle_enable=\"false\" data-particle-mobile-disabled=\"false\" class=\"elementor-section elementor-top-section elementor-element elementor-element-2abf4596 elementor-section-boxed elementor-section-height-default elementor-section-height-default\" data-id=\"2abf4596\" data-element_type=\"section\">\n\t\t\t\t\t\t<div class=\"elementor-container elementor-column-gap-default\">\n\t\t\t\t\t<div class=\"elementor-column elementor-col-100 elementor-top-column elementor-element elementor-element-3e07828f\" data-id=\"3e07828f\" data-element_type=\"column\">\n\t\t\t<div class=\"elementor-widget-wrap elementor-element-populated\">\n\t\t\t\t\t\t\t\t<div class=\"elementor-element elementor-element-64cc1fb elementor-widget elementor-widget-heading\" data-id=\"64cc1fb\" data-element_type=\"widget\" data-settings=\"{&quot;_animation&quot;:&quot;none&quot;}\" data-widget_type=\"heading.default\">\n\t\t\t\t<div class=\"elementor-widget-container\">\n\t\t\t<h1 class=\"elementor-heading-title elementor-size-default\">Terminos y Condiciones<\/h1>\t\t<\/div>\n\t\t\t\t<\/div>\n\t\t\t\t<div class=\"elementor-element elementor-element-3a56697d elementor-widget elementor-widget-text-editor\" data-id=\"3a56697d\" data-element_type=\"widget\" data-widget_type=\"text-editor.default\">\n\t\t\t\t<div class=\"elementor-widget-container\">\n\t\t\t\t\t\t\t<p>\u00a1Bienvenido a Equipar y Crecer!<\/p><p>Estos t\u00e9rminos y condiciones describen las reglas y regulaciones para el uso del sitio web de Equip &amp; Grow, ubicado en https:\/\/equipandgrow.org\/es\/.<\/p><p>Al acceder a este sitio web asumimos que acepta estos t\u00e9rminos y condiciones. No contin\u00fae usando Equip &amp; Grow si no est\u00e1 de acuerdo con todos los t\u00e9rminos y condiciones establecidos en esta p\u00e1gina.<\/p><p>La siguiente terminolog\u00eda se aplica a estos T\u00e9rminos y condiciones, Declaraci\u00f3n de privacidad y Aviso de exenci\u00f3n de responsabilidad y todos los Acuerdos: &#8220;Cliente&#8221;, &#8220;Usted&#8221; y &#8220;Su&#8221; se refieren a usted, la persona que inicia sesi\u00f3n en este sitio web y cumple con los t\u00e9rminos y condiciones de la Compa\u00f1\u00eda. &#8220;La Compa\u00f1\u00eda&#8221;, &#8220;Nosotros mismos&#8221;, &#8220;Nosotros&#8221;, &#8220;Nuestro&#8221; y &#8220;Nosotros&#8221;, se refieren a nuestra Compa\u00f1\u00eda. &#8220;Parte&#8221;, &#8220;Partes&#8221; o &#8220;Nosotros&#8221;, se refiere tanto al Cliente como a nosotros mismos. Todos los t\u00e9rminos se refieren a la oferta, aceptaci\u00f3n y consideraci\u00f3n del pago necesario para llevar a cabo el proceso de nuestra asistencia al Cliente de la manera m\u00e1s adecuada con el prop\u00f3sito expreso de satisfacer las necesidades del Cliente con respecto a la prestaci\u00f3n de los servicios indicados por la Compa\u00f1\u00eda, de conformidad con y sujeto a la legislaci\u00f3n vigente de los Pa\u00edses Bajos. Cualquier uso de la terminolog\u00eda anterior u otras palabras en singular, plural, may\u00fasculas y\/o \u00e9l\/ella o ellos, se consideran intercambiables y, por lo tanto, se refieren a las mismas.<\/p><p><strong>Cookies<\/strong><\/p><p>Empleamos el uso de cookies. Al acceder a Equip &amp; Grow, acepta usar cookies de acuerdo con la Pol\u00edtica de privacidad de Equip &amp; Grow.<\/p><p>La mayor\u00eda de los sitios web interactivos utilizan cookies para permitirnos recuperar los detalles del usuario para cada visita. Nuestro sitio web utiliza cookies para habilitar la funcionalidad de ciertas \u00e1reas para que sea m\u00e1s f\u00e1cil para las personas que visitan nuestro sitio web. Algunos de nuestros socios afiliados\/publicitarios tambi\u00e9n pueden usar cookies.<\/p><p><strong>Licencia<\/strong><\/p><p>\u00a0<\/p><p>A menos que se indique lo contrario, Equip &amp; Grow y\/o sus licenciantes poseen los derechos de propiedad intelectual de todo el material de Equip &amp; Grow. Todos los derechos de propiedad intelectual est\u00e1n reservados. Puede acceder a esto desde Equip &amp; Grow para su uso personal sujeto a las restricciones establecidas en estos t\u00e9rminos y condiciones.<\/p><p>No debes:<\/p><ul><li>Volver a publicar material de Equip &amp; Grow<\/li><li>Vender, alquilar o sublicenciar material de Equip &amp; Grow<\/li><li>Reproducir, duplicar o copiar material de Equip &amp; Grow<\/li><li>Redistribuir contenido de Equip &amp; Grow<\/li><\/ul><p>Este Acuerdo comenzar\u00e1 en la fecha del mismo. Nuestros T\u00e9rminos y Condiciones fueron creados con la ayuda de la\u00a0<a href=\"https:\/\/www.termsandconditionsgenerator.com\/\">Free Terms and Conditions Generator<\/a>.<\/p><p>Partes de este sitio web ofrecen una oportunidad para que los usuarios publiquen e intercambien opiniones e informaci\u00f3n en ciertas \u00e1reas del sitio web. Equip &amp; Grow no filtra, edita, publica ni revisa los Comentarios antes de su presencia en el sitio web. Los comentarios no reflejan los puntos de vista y opiniones de Equip &amp; Grow, sus agentes y\/o afiliados. Los comentarios reflejan los puntos de vista y las opiniones de la persona que publica sus puntos de vista y opiniones. En la medida permitida por las leyes aplicables, Equip &amp; Grow no ser\u00e1 responsable de los Comentarios ni de ninguna obligaci\u00f3n, da\u00f1o o gasto causado y\/o sufrido como resultado de cualquier uso y\/o publicaci\u00f3n y\/o aparici\u00f3n de los Comentarios. en este sitio web.<\/p><p>Equip &amp; Grow se reserva el derecho de monitorear todos los Comentarios y eliminar cualquier Comentario que pueda considerarse inapropiado, ofensivo o que infrinja estos T\u00e9rminos y Condiciones.<\/p><p>Usted garantiza y declara que:<\/p><ul><li>Tiene derecho a publicar los Comentarios en nuestro sitio web y tiene todas las licencias y consentimientos necesarios para hacerlo;<\/li><li>Los Comentarios no invaden ning\u00fan derecho de propiedad intelectual, incluidos, entre otros, derechos de autor, patentes o marcas comerciales de terceros;<\/li><li>Los Comentarios no contienen ning\u00fan material difamatorio, calumnioso, ofensivo, indecente o ilegal que sea una invasi\u00f3n de la privacidad.<\/li><li>Los Comentarios no se utilizar\u00e1n para solicitar o promover negocios o costumbres o presentar actividades comerciales o actividades ilegales.<\/li><\/ul><p>Por la presente, otorga a Equip &amp; Grow una licencia no exclusiva para usar, reproducir, editar y autorizar a otros a usar, reproducir y editar cualquiera de sus Comentarios en cualquiera y todas las formas, formatos o medios.<\/p><h3>Hiperv\u00ednculos a nuestro contenido<\/h3><p>Las siguientes organizaciones pueden vincular a nuestro sitio web sin aprobaci\u00f3n previa por escrito:<\/p><ul><li>Agencias gubernamentales;<\/li><li>Los motores de b\u00fasqueda;<\/li><li>Organizaciones de noticias;<\/li><li>Los distribuidores de directorios en l\u00ednea pueden vincularse a nuestro sitio web de la misma manera que vinculan a los sitios web de otras empresas enumeradas; y<\/li><li>Empresas acreditadas en todo el sistema, excepto las organizaciones sin fines de lucro que solicitan, centros comerciales de caridad y grupos de recaudaci\u00f3n de fondos de caridad que no pueden tener un hiperv\u00ednculo a nuestro sitio web.<\/li><\/ul><p>\u00a0<\/p><p>Estas organizaciones pueden vincular a nuestra p\u00e1gina de inicio, publicaciones u otra informaci\u00f3n del sitio web siempre que el enlace: (a) no sea enga\u00f1oso de ninguna manera; (b) no implica falsamente patrocinio, respaldo o aprobaci\u00f3n de la parte vinculada y sus productos y\/o servicios; y (c) encaja dentro del contexto del sitio de la parte vinculada.<\/p><p>Podemos considerar y aprobar otras solicitudes de enlace de los siguientes tipos de organizaciones:<\/p><ul><li>fuentes de informaci\u00f3n comercial y\/o de consumo com\u00fanmente conocidas;<\/li><li>sitios de la comunidad dot.com;<\/li><li>asociaciones u otros grupos que representen organizaciones ben\u00e9ficas;<\/li><li>distribuidores de directorios en l\u00ednea;<\/li><li>portales de internet;<\/li><li>firmas de contabilidad, leyes y consultor\u00eda; y<\/li><li>instituciones educativas y asociaciones comerciales.<\/li><\/ul><p>Aprobaremos las solicitudes de enlace de estas organizaciones si decidimos que: (a) el enlace no nos har\u00eda ver desfavorablemente a nosotros mismos oa nuestros negocios acreditados; (b) la organizaci\u00f3n no tiene registros negativos con nosotros; (c) el beneficio para nosotros de la visibilidad del hiperv\u00ednculo compensa la ausencia de Equip &amp; Grow; y (d) el enlace est\u00e1 en el contexto de informaci\u00f3n general de recursos.<\/p><p>Estas organizaciones pueden vincular a nuestra p\u00e1gina de inicio siempre que el enlace: (a) no sea enga\u00f1oso de ninguna manera; (b) no implica falsamente patrocinio, respaldo o aprobaci\u00f3n de la parte vinculada y sus productos o servicios; y (c) encaja dentro del contexto del sitio de la parte vinculada.<\/p><p>Si usted es una de las organizaciones enumeradas en el p\u00e1rrafo 2 anterior y est\u00e1 interesado en vincularse a nuestro sitio web, debe informarnos enviando un correo electr\u00f3nico a Equip &amp; Grow. Incluya su nombre, el nombre de su organizaci\u00f3n, la informaci\u00f3n de contacto, as\u00ed como la URL de su sitio, una lista de las URL desde las que pretende vincular a nuestro sitio web y una lista de las URL de nuestro sitio a las que le gustar\u00eda enlace. Espere 2-3 semanas para una respuesta.<\/p><p>Las organizaciones aprobadas pueden tener hiperv\u00ednculos a nuestro sitio web de la siguiente manera:<\/p><ul><li>Mediante el uso de nuestro nombre corporativo; o<\/li><li>Mediante el uso del localizador uniforme de recursos al que se vincula; o<\/li><li>Mediante el uso de cualquier otra descripci\u00f3n de nuestro sitio web vinculado que tenga sentido dentro del contexto y el formato del contenido en el sitio de la parte vinculada.<\/li><\/ul><p>No se permitir\u00e1 el uso del logotipo de Equip &amp; Grow u otra obra de arte para vincular en ausencia de un acuerdo de licencia de marca registrad<\/p><p><strong>Marcos<\/strong><\/p><p>Sin aprobaci\u00f3n previa y permiso por escrito, no puede crear marcos alrededor de nuestras p\u00e1ginas web que alteren de ninguna manera la presentaci\u00f3n visual o la apariencia de nuestro sitio web.<\/p><h3><strong>Responsabilidad por el contenido<\/strong><\/h3><p>No seremos responsables de ning\u00fan contenido que aparezca en su sitio web. Usted acepta protegernos y defendernos contra todos los reclamos que surjan en su sitio web. Ning\u00fan enlace debe aparecer en ning\u00fan sitio web que pueda interpretarse como calumnioso, obsceno o criminal, o que infrinja, de otro modo viole o promueva la infracci\u00f3n u otra violaci\u00f3n de los derechos de terceros.<\/p><h3>Tu privacidad<\/h3><p>Por favor, lea la Pol\u00edtica de Privacidad<\/p><h3>Reserva de Derechos<\/h3><p>Nos reservamos el derecho de solicitarle que elimine todos los enlaces o cualquier enlace particular a nuestro sitio web. Usted aprueba eliminar inmediatamente todos los enlaces a nuestro sitio web a pedido. Tambi\u00e9n nos reservamos el derecho de modificar estos t\u00e9rminos y condiciones y su pol\u00edtica de vinculaci\u00f3n en cualquier momento. Al vincularse continuamente a nuestro sitio web, usted acepta estar sujeto y seguir estos t\u00e9rminos y condiciones de vinculaci\u00f3n.<\/p><h3>Eliminaci\u00f3n de enlaces de nuestro sitio web<\/h3><p>Si encuentra alg\u00fan enlace en nuestro sitio web que sea ofensivo por cualquier motivo, puede contactarnos e informarnos en cualquier momento. Consideraremos solicitudes para eliminar enlaces, pero no estamos obligados a hacerlo ni a responderle directamente.<\/p><p>No aseguramos que la informaci\u00f3n en este sitio web sea correcta, no garantizamos su integridad o exactitud; ni prometemos garantizar que el sitio web permanezca disponible o que el material del sitio web se mantenga actualizado.<\/p><p><strong>Descargo de responsabilidad<\/strong><\/p><p>En la m\u00e1xima medida permitida por la ley aplicable, excluimos todas las representaciones, garant\u00edas y condiciones relacionadas con nuestro sitio web y el uso de este sitio web. Nada en este descargo de responsabilidad:<\/p><ul><li>limitar o excluir nuestra o su responsabilidad por muerte o lesiones personales;<\/li><li>limitar o excluir nuestra o su responsabilidad por fraude o tergiversaci\u00f3n fraudulenta;<\/li><li>limitar cualquiera de nuestras responsabilidades o las suyas de cualquier manera que no est\u00e9 permitida por la ley aplicable; o<\/li><li>excluir cualquiera de nuestras o sus responsabilidades que no puedan ser excluidas bajo la ley aplicable.<\/li><\/ul><p>Las limitaciones y prohibiciones de responsabilidad establecidas en esta Secci\u00f3n y en otras partes de este descargo de responsabilidad: (a) est\u00e1n sujetas al p\u00e1rrafo anterior; y (b) rigen todas las responsabilidades que surjan en virtud de la exenci\u00f3n de responsabilidad, incluidas las responsabilidades que surjan por contrato, agravio y por incumplimiento del deber legal.<\/p><p>Siempre que el sitio web y la informaci\u00f3n y los servicios en el sitio web se proporcionen de forma gratuita, no seremos responsables de ninguna p\u00e9rdida o da\u00f1o de ning\u00fan tipo.<\/p>\t\t\t\t\t\t<\/div>\n\t\t\t\t<\/div>\n\t\t\t\t\t<\/div>\n\t\t<\/div>\n\t\t\t\t\t\t\t<\/div>\n\t\t<\/section>\n\t\t\t\t\t\t\t<\/div>\n\t\t","protected":false},"excerpt":{"rendered":"<p>Terminos y Condiciones \u00a1Bienvenido a Equipar y Crecer! Estos t\u00e9rminos y condiciones describen las reglas y regulaciones para el uso del sitio web de Equip &amp; Grow, ubicado en https:\/\/equipandgrow.org\/es\/. Al acceder a este sitio web asumimos que acepta estos t\u00e9rminos y condiciones. No contin\u00fae usando Equip &amp; Grow si no est\u00e1 de acuerdo con [&hellip;]<\/p>\n","protected":false},"author":1,"featured_media":0,"parent":0,"menu_order":0,"comment_status":"closed","ping_status":"closed","template":"elementor_header_footer","meta":{"_seopress_robots_primary_cat":"","footnotes":""},"class_list":["post-26929","page","type-page","status-publish","hentry"],"acf":[],"_links":{"self":[{"href":"https:\/\/equipandgrow.org\/es\/wp-json\/wp\/v2\/pages\/26929","targetHints":{"allow":["GET"]}}],"collection":[{"href":"https:\/\/equipandgrow.org\/es\/wp-json\/wp\/v2\/pages"}],"about":[{"href":"https:\/\/equipandgrow.org\/es\/wp-json\/wp\/v2\/types\/page"}],"author":[{"embeddable":true,"href":"https:\/\/equipandgrow.org\/es\/wp-json\/wp\/v2\/users\/1"}],"replies":[{"embeddable":true,"href":"https:\/\/equipandgrow.org\/es\/wp-json\/wp\/v2\/comments?post=26929"}],"version-history":[{"count":12,"href":"https:\/\/equipandgrow.org\/es\/wp-json\/wp\/v2\/pages\/26929\/revisions"}],"predecessor-version":[{"id":30427,"href":"https:\/\/equipandgrow.org\/es\/wp-json\/wp\/v2\/pages\/26929\/revisions\/30427"}],"wp:attachment":[{"href":"https:\/\/equipandgrow.org\/es\/wp-json\/wp\/v2\/media?parent=26929"}],"curies":[{"name":"wp","href":"https:\/\/api.w.org\/{rel}","templated":true}]}}