{"id":26985,"date":"2022-10-03T20:27:26","date_gmt":"2022-10-04T03:27:26","guid":{"rendered":"https:\/\/equipandgrow.org\/es\/?page_id=26985"},"modified":"2025-03-26T02:00:16","modified_gmt":"2025-03-26T09:00:16","slug":"our-beliefs","status":"publish","type":"page","link":"https:\/\/equipandgrow.org\/es\/our-beliefs\/","title":{"rendered":"Our Beliefs"},"content":{"rendered":"\t\t<div data-elementor-type=\"wp-page\" data-elementor-id=\"26985\" class=\"elementor elementor-26985\">\n\t\t\t\t\t\t\t\t\t<section data-particle_enable=\"false\" data-particle-mobile-disabled=\"false\" class=\"elementor-section elementor-top-section elementor-element elementor-element-62a0035 elementor-section-boxed elementor-section-height-default elementor-section-height-default\" data-id=\"62a0035\" data-element_type=\"section\" data-settings=\"{&quot;background_background&quot;:&quot;classic&quot;}\">\n\t\t\t\t\t\t<div class=\"elementor-container elementor-column-gap-default\">\n\t\t\t\t\t<div class=\"elementor-column elementor-col-100 elementor-top-column elementor-element elementor-element-7f0d002\" data-id=\"7f0d002\" data-element_type=\"column\">\n\t\t\t<div class=\"elementor-widget-wrap elementor-element-populated\">\n\t\t\t\t\t\t\t\t<div class=\"elementor-element elementor-element-e2c9e39 elementor-widget elementor-widget-heading\" data-id=\"e2c9e39\" data-element_type=\"widget\" data-settings=\"{&quot;_animation&quot;:&quot;none&quot;}\" data-widget_type=\"heading.default\">\n\t\t\t\t<div class=\"elementor-widget-container\">\n\t\t\t<h1 class=\"elementor-heading-title elementor-size-default\">Nuestras Creencias<\/h1>\t\t<\/div>\n\t\t\t\t<\/div>\n\t\t\t\t<div class=\"elementor-element elementor-element-71a17d0 elementor-widget elementor-widget-text-editor\" data-id=\"71a17d0\" data-element_type=\"widget\" data-widget_type=\"text-editor.default\">\n\t\t\t\t<div class=\"elementor-widget-container\">\n\t\t\t\t\t\t\t<p>Una mirada a los principios que nos gu\u00edan.<\/p>\t\t\t\t\t\t<\/div>\n\t\t\t\t<\/div>\n\t\t\t\t<div class=\"elementor-element elementor-element-53a4271 elementor-widget elementor-widget-text-editor\" data-id=\"53a4271\" data-element_type=\"widget\" data-widget_type=\"text-editor.default\">\n\t\t\t\t<div class=\"elementor-widget-container\">\n\t\t\t\t\t\t\t<ul><li style=\"font-weight: 400\">Creemos que la totalidad de la Biblia es la Palabra inspirada de Dios y que los hombres fueron movidos por el Esp\u00edritu de Dios para escribir las mismas palabras de la Escritura. (2 Pedro 1:20-21; 2 Timoteo 3:15-16).<\/li><li style=\"font-weight: 400\">Creemos en Dios, el creador del universo, quien existe eternamente en tres personas: Padre, Hijo y Esp\u00edritu Santo. (I Juan 5:7; G\u00e9nesis 1:26; Mateo 3:16-17, 28:19; Lucas 1:35; Isa\u00edas 9:6; Hebreos 3:7-11.)<\/li><li style=\"font-weight: 400\">Creemos en el Se\u00f1or Jesucristo, quien siendo completamente Dios se hizo completamente hombre (Filipenses 2:6-11), naci\u00f3 de una virgen (Lucas 1:34-38), vivi\u00f3 una vida sin pecado (Hebreos 7:26; 1 Pedro 2:22), muri\u00f3 en la cruz (Mateo 27:44-51, Filipenses 2:5-6), fue resucitado corporalmente (Hechos 2:23-24), es exaltado a la diestra de Dios (Hebreos 8:1), y vendr\u00e1 personalmente otra vez (Mateo 26:64) (Lucas 1:34-38) (1 Pedro 3:18).<\/li><li style=\"font-weight: 400\">Creemos que todos hemos pecado y somos culpables ante Dios y, como resultado, todos sufrimos las consecuencias de la ca\u00edda y estamos bajo condenaci\u00f3n. (Romanos 3:23)<\/li><li style=\"font-weight: 400\">Creemos que Dios envi\u00f3 a Su Hijo Jesucristo, quien provey\u00f3 una expiaci\u00f3n por el pecado a trav\u00e9s de Su muerte en la cruz, conquist\u00f3 los principados y potestades, y est\u00e1 reconciliando al mundo consigo mismo. (Romanos 3:25, Hebreos 2:17, 1 Juan 1:7-8.)<\/li><li style=\"font-weight: 400\"><span style=\"font-weight: 400\"><span style=\"font-weight: 400\">Creemos que la sangre de Jesucristo, derramada en la cruz, proporciona la \u00fanica base para el perd\u00f3n de los pecados. Por lo tanto, Dios ofrece gratuitamente la salvaci\u00f3n a aquellos que ponen su fe en la muerte y resurrecci\u00f3n de Cristo como pago suficiente por su pecado. (Efesios 2:8-9; G\u00e1latas 2:16, 3:8; Tito 3:5; Romanos 10:9-10; Hechos 16:31; Hebreos 9:22, Hechos 2:21, 3:19; 1 Juan 1:9.)<\/span><\/span><\/li><li style=\"font-weight: 400\">Creemos en el bautismo en agua de los creyentes, como una expresi\u00f3n externa de una realidad espiritual que ha tenido lugar en nuestras almas, y un paso de obediencia basado en los mandamientos de Dios. (Mateo 28:19; Romanos 6:4)<\/li><li style=\"font-weight: 400\">Creemos que todos los cristianos deben vivir para Cristo y no para s\u00ed mismos. Mediante la obediencia a la Palabra de Dios y la entrega diaria al Esp\u00edritu de Dios, todo creyente debe madurar y ser conformado a la imagen de Cristo. (Santiago 1:22-25, Romanos 8:1-13, Romanos 6:1-14)<\/li><li style=\"font-weight: 400\">Creemos en el Cielo y el Infierno: el castigo eterno de los incr\u00e9dulos y la bienaventuranza eterna de los creyentes en la presencia de Cristo. Mientras que todos merecen este \u00faltimo (Infierno), todos los que creen en la Expiaci\u00f3n dada a trav\u00e9s de Cristo entran en el primero (Cielo) por gracia a trav\u00e9s de su fe. (Mateo 5:3, 12, 20, 6:20, 19:21, 25:34, 41, Marcos 9:43-48; Hebreos 9:27.)<\/li><li style=\"font-weight: 400\">Creemos que la iglesia funciona como el Cuerpo de Cristo, del cual Jesucristo es la cabeza. Los miembros de la iglesia son aquellos que han confiado por fe en la obra consumada de Cristo. El prop\u00f3sito de la iglesia es glorificar a Dios am\u00e1ndolo y d\u00e1ndolo a conocer al mundo perdido. (Efesios 1:22-23, Mateo 28:19-20)<\/li><\/ul><p>Aparte de las creencias esenciales, no cubrimos en nuestro plan de estudios doctrinas espec\u00edficas en las que las iglesias cristianas no est\u00e1n de acuerdo. Pedimos respetuosamente que cada iglesia cubra sus doctrinas espec\u00edficas que no figuran en estas creencias esenciales.<\/p><p>Este ministerio interdenominacional no pertenece a una denominaci\u00f3n espec\u00edfica. Si ha invitado a un miembro del personal de &#8220;Equip &amp; Grow&#8221; para dar una conferencia de capacitaci\u00f3n de maestros o hablar en su iglesia, no ense\u00f1ar\u00e1n sobre sus propias creencias doctrinales personales, sino que representar\u00e1n nuestro ministerio y no cubrir\u00e1n doctrinas que no sean las creencias esenciales antes mencionadas.<\/p>\t\t\t\t\t\t<\/div>\n\t\t\t\t<\/div>\n\t\t\t\t\t<\/div>\n\t\t<\/div>\n\t\t\t\t\t\t\t<\/div>\n\t\t<\/section>\n\t\t\t\t\t\t\t<\/div>\n\t\t","protected":false},"excerpt":{"rendered":"<p>Nuestras Creencias Una mirada a los principios que nos gu\u00edan. Creemos que la totalidad de la Biblia es la Palabra inspirada de Dios y que los hombres fueron movidos por el Esp\u00edritu de Dios para escribir las mismas palabras de la Escritura. (2 Pedro 1:20-21; 2 Timoteo 3:15-16). Creemos en Dios, el creador del universo, [&hellip;]<\/p>\n","protected":false},"author":1,"featured_media":0,"parent":0,"menu_order":0,"comment_status":"closed","ping_status":"closed","template":"elementor_header_footer","meta":{"_seopress_robots_primary_cat":"","footnotes":""},"class_list":["post-26985","page","type-page","status-publish","hentry"],"acf":[],"_links":{"self":[{"href":"https:\/\/equipandgrow.org\/es\/wp-json\/wp\/v2\/pages\/26985","targetHints":{"allow":["GET"]}}],"collection":[{"href":"https:\/\/equipandgrow.org\/es\/wp-json\/wp\/v2\/pages"}],"about":[{"href":"https:\/\/equipandgrow.org\/es\/wp-json\/wp\/v2\/types\/page"}],"author":[{"embeddable":true,"href":"https:\/\/equipandgrow.org\/es\/wp-json\/wp\/v2\/users\/1"}],"replies":[{"embeddable":true,"href":"https:\/\/equipandgrow.org\/es\/wp-json\/wp\/v2\/comments?post=26985"}],"version-history":[{"count":37,"href":"https:\/\/equipandgrow.org\/es\/wp-json\/wp\/v2\/pages\/26985\/revisions"}],"predecessor-version":[{"id":30420,"href":"https:\/\/equipandgrow.org\/es\/wp-json\/wp\/v2\/pages\/26985\/revisions\/30420"}],"wp:attachment":[{"href":"https:\/\/equipandgrow.org\/es\/wp-json\/wp\/v2\/media?parent=26985"}],"curies":[{"name":"wp","href":"https:\/\/api.w.org\/{rel}","templated":true}]}}