{"id":27851,"date":"2023-02-28T14:14:46","date_gmt":"2023-02-28T21:14:46","guid":{"rendered":"https:\/\/equipandgrow.org\/es\/?page_id=27851"},"modified":"2025-03-26T00:55:52","modified_gmt":"2025-03-26T07:55:52","slug":"donate","status":"publish","type":"page","link":"https:\/\/equipandgrow.org\/es\/donate\/","title":{"rendered":"Donate"},"content":{"rendered":"\t\t<div data-elementor-type=\"wp-page\" data-elementor-id=\"27851\" class=\"elementor elementor-27851\">\n\t\t\t\t\t\t\t\t\t<section data-particle_enable=\"false\" data-particle-mobile-disabled=\"false\" class=\"elementor-section elementor-top-section elementor-element elementor-element-f24314b elementor-section-height-min-height elementor-section-boxed elementor-section-height-default elementor-section-items-middle\" data-id=\"f24314b\" data-element_type=\"section\" data-settings=\"{&quot;background_background&quot;:&quot;classic&quot;}\">\n\t\t\t\t\t\t<div class=\"elementor-container elementor-column-gap-default\">\n\t\t\t\t\t<div class=\"elementor-column elementor-col-50 elementor-top-column elementor-element elementor-element-cc93a7c\" data-id=\"cc93a7c\" data-element_type=\"column\">\n\t\t\t<div class=\"elementor-widget-wrap elementor-element-populated\">\n\t\t\t\t\t\t\t\t<div class=\"elementor-element elementor-element-fa56578 elementor-widget elementor-widget-heading\" data-id=\"fa56578\" data-element_type=\"widget\" data-settings=\"{&quot;_animation&quot;:&quot;none&quot;}\" data-widget_type=\"heading.default\">\n\t\t\t\t<div class=\"elementor-widget-container\">\n\t\t\t<h1 class=\"elementor-heading-title elementor-size-default\">Cambia el mundo con nosotros.<\/h1>\t\t<\/div>\n\t\t\t\t<\/div>\n\t\t\t\t<div class=\"elementor-element elementor-element-5b42bad elementor-widget elementor-widget-text-editor\" data-id=\"5b42bad\" data-element_type=\"widget\" data-widget_type=\"text-editor.default\">\n\t\t\t\t<div class=\"elementor-widget-container\">\n\t\t\t\t\t\t\t<p>Todos merecen la oportunidad de escuchar sobre el amor de Dios y ser transformados por \u00e9l, y continuaremos trabajando para que nuestros recursos est\u00e9n disponibles para las personas en su propio idioma.<\/p>\t\t\t\t\t\t<\/div>\n\t\t\t\t<\/div>\n\t\t\t\t\t<\/div>\n\t\t<\/div>\n\t\t\t\t<div class=\"elementor-column elementor-col-50 elementor-top-column elementor-element elementor-element-323fc0c\" data-id=\"323fc0c\" data-element_type=\"column\">\n\t\t\t<div class=\"elementor-widget-wrap elementor-element-populated\">\n\t\t\t\t\t\t\t\t<div class=\"elementor-element elementor-element-9e4a5a8 elementor-widget elementor-widget-html\" data-id=\"9e4a5a8\" data-element_type=\"widget\" data-widget_type=\"html.default\">\n\t\t\t\t<div class=\"elementor-widget-container\">\n\t\t\t<script src=\"https:\/\/donorbox.org\/widget.js\" paypalExpress=\"false\"><\/script><iframe src=\"https:\/\/donorbox.org\/embed\/equip-grow-latam-donate\" name=\"donorbox\" allowpaymentrequest=\"allowpaymentrequest\" seamless=\"seamless\" frameborder=\"0\" scrolling=\"no\" height=\"900px\" width=\"100%\" style=\"max-width: 500px; min-width: 250px; max-height:none!important\"><\/iframe>\t\t<\/div>\n\t\t\t\t<\/div>\n\t\t\t\t\t<\/div>\n\t\t<\/div>\n\t\t\t\t\t\t\t<\/div>\n\t\t<\/section>\n\t\t\t\t<section data-particle_enable=\"false\" data-particle-mobile-disabled=\"false\" class=\"elementor-section elementor-top-section elementor-element elementor-element-95ac93a elementor-section-boxed elementor-section-height-default elementor-section-height-default\" data-id=\"95ac93a\" data-element_type=\"section\" data-settings=\"{&quot;background_background&quot;:&quot;classic&quot;}\">\n\t\t\t\t\t\t<div class=\"elementor-container elementor-column-gap-default\">\n\t\t\t\t\t<div class=\"elementor-column elementor-col-100 elementor-top-column elementor-element elementor-element-94f36fb\" data-id=\"94f36fb\" data-element_type=\"column\">\n\t\t\t<div class=\"elementor-widget-wrap elementor-element-populated\">\n\t\t\t\t\t\t\t\t<div class=\"elementor-element elementor-element-86f2fd0 elementor-widget elementor-widget-heading\" data-id=\"86f2fd0\" data-element_type=\"widget\" data-widget_type=\"heading.default\">\n\t\t\t\t<div class=\"elementor-widget-container\">\n\t\t\t<h2 class=\"elementor-heading-title elementor-size-default\">Otra forma de donar<\/h2>\t\t<\/div>\n\t\t\t\t<\/div>\n\t\t\t\t<section data-particle_enable=\"false\" data-particle-mobile-disabled=\"false\" class=\"elementor-section elementor-inner-section elementor-element elementor-element-3ed8083 elementor-section-boxed elementor-section-height-default elementor-section-height-default\" data-id=\"3ed8083\" data-element_type=\"section\">\n\t\t\t\t\t\t<div class=\"elementor-container elementor-column-gap-default\">\n\t\t\t\t\t<div class=\"elementor-column elementor-col-100 elementor-inner-column elementor-element elementor-element-d5bb10e\" data-id=\"d5bb10e\" data-element_type=\"column\">\n\t\t\t<div class=\"elementor-widget-wrap elementor-element-populated\">\n\t\t\t\t\t\t\t\t<div class=\"elementor-element elementor-element-7e9cd43 elementor-widget elementor-widget-heading\" data-id=\"7e9cd43\" data-element_type=\"widget\" data-widget_type=\"heading.default\">\n\t\t\t\t<div class=\"elementor-widget-container\">\n\t\t\t<h4 class=\"elementor-heading-title elementor-size-default\">Dar a trav\u00e9s de Paypal<\/h4>\t\t<\/div>\n\t\t\t\t<\/div>\n\t\t\t\t<div class=\"elementor-element elementor-element-f0c2977 elementor-widget elementor-widget-text-editor\" data-id=\"f0c2977\" data-element_type=\"widget\" data-widget_type=\"text-editor.default\">\n\t\t\t\t<div class=\"elementor-widget-container\">\n\t\t\t\t\t\t\t<p>Transfiera fondos de forma r\u00e1pida y segura con PayPal utilizando<a href=\"https:\/\/www.paypal.com\/\" target=\"_blank\" rel=\"noopener\">\u00a0translation@<wbr \/>childrenareimportant.com<\/a><\/p>\t\t\t\t\t\t<\/div>\n\t\t\t\t<\/div>\n\t\t\t\t\t<\/div>\n\t\t<\/div>\n\t\t\t\t\t\t\t<\/div>\n\t\t<\/section>\n\t\t\t\t\t<\/div>\n\t\t<\/div>\n\t\t\t\t\t\t\t<\/div>\n\t\t<\/section>\n\t\t\t\t\t\t\t<\/div>\n\t\t","protected":false},"excerpt":{"rendered":"<p>Cambia el mundo con nosotros. Todos merecen la oportunidad de escuchar sobre el amor de Dios y ser transformados por \u00e9l, y continuaremos trabajando para que nuestros recursos est\u00e9n disponibles para las personas en su propio idioma. Otra forma de donar Dar a trav\u00e9s de Paypal Transfiera fondos de forma r\u00e1pida y segura con PayPal [&hellip;]<\/p>\n","protected":false},"author":62,"featured_media":0,"parent":0,"menu_order":0,"comment_status":"closed","ping_status":"closed","template":"elementor_header_footer","meta":{"_seopress_robots_primary_cat":"","footnotes":""},"class_list":["post-27851","page","type-page","status-publish","hentry"],"acf":[],"_links":{"self":[{"href":"https:\/\/equipandgrow.org\/es\/wp-json\/wp\/v2\/pages\/27851","targetHints":{"allow":["GET"]}}],"collection":[{"href":"https:\/\/equipandgrow.org\/es\/wp-json\/wp\/v2\/pages"}],"about":[{"href":"https:\/\/equipandgrow.org\/es\/wp-json\/wp\/v2\/types\/page"}],"author":[{"embeddable":true,"href":"https:\/\/equipandgrow.org\/es\/wp-json\/wp\/v2\/users\/62"}],"replies":[{"embeddable":true,"href":"https:\/\/equipandgrow.org\/es\/wp-json\/wp\/v2\/comments?post=27851"}],"version-history":[{"count":79,"href":"https:\/\/equipandgrow.org\/es\/wp-json\/wp\/v2\/pages\/27851\/revisions"}],"predecessor-version":[{"id":30404,"href":"https:\/\/equipandgrow.org\/es\/wp-json\/wp\/v2\/pages\/27851\/revisions\/30404"}],"wp:attachment":[{"href":"https:\/\/equipandgrow.org\/es\/wp-json\/wp\/v2\/media?parent=27851"}],"curies":[{"name":"wp","href":"https:\/\/api.w.org\/{rel}","templated":true}]}}