{"id":27865,"date":"2023-03-01T10:16:06","date_gmt":"2023-03-01T17:16:06","guid":{"rendered":"https:\/\/equipandgrow.org\/es\/?page_id=27865"},"modified":"2023-07-09T02:19:28","modified_gmt":"2023-07-09T09:19:28","slug":"training","status":"publish","type":"page","link":"https:\/\/equipandgrow.org\/es\/training\/","title":{"rendered":"Training"},"content":{"rendered":"\t\t<div data-elementor-type=\"wp-page\" data-elementor-id=\"27865\" class=\"elementor elementor-27865\">\n\t\t\t\t\t\t\t\t\t<section data-particle_enable=\"false\" data-particle-mobile-disabled=\"false\" class=\"elementor-section elementor-top-section elementor-element elementor-element-e7b390a elementor-section-height-min-height elementor-section-boxed elementor-section-height-default elementor-section-items-middle\" data-id=\"e7b390a\" data-element_type=\"section\" data-settings=\"{&quot;background_background&quot;:&quot;classic&quot;}\">\n\t\t\t\t\t\t<div class=\"elementor-container elementor-column-gap-default\">\n\t\t\t\t\t<div class=\"elementor-column elementor-col-100 elementor-top-column elementor-element elementor-element-b95f9eb\" data-id=\"b95f9eb\" data-element_type=\"column\">\n\t\t\t<div class=\"elementor-widget-wrap elementor-element-populated\">\n\t\t\t\t\t\t\t\t<div class=\"elementor-element elementor-element-420e688 elementor-widget elementor-widget-heading\" data-id=\"420e688\" data-element_type=\"widget\" data-settings=\"{&quot;_animation&quot;:&quot;none&quot;}\" data-widget_type=\"heading.default\">\n\t\t\t\t<div class=\"elementor-widget-container\">\n\t\t\t<h1 class=\"elementor-heading-title elementor-size-default\">Capacitaci\u00f3n y recursos para maestros, l\u00edderes y voluntarios del ministerio de ni\u00f1os.<\/h1>\t\t<\/div>\n\t\t\t\t<\/div>\n\t\t\t\t<div class=\"elementor-element elementor-element-170b3bd elementor-widget elementor-widget-text-editor\" data-id=\"170b3bd\" data-element_type=\"widget\" data-widget_type=\"text-editor.default\">\n\t\t\t\t<div class=\"elementor-widget-container\">\n\t\t\t\t\t\t\t<table><tbody><tr><td width=\"294\"><p>Descargue talleres, vea videos de capacitaci\u00f3n u obtenga m\u00e1s informaci\u00f3n sobre nuestros cursos detallados.<\/p><\/td><\/tr><\/tbody><\/table>\t\t\t\t\t\t<\/div>\n\t\t\t\t<\/div>\n\t\t\t\t\t<\/div>\n\t\t<\/div>\n\t\t\t\t\t\t\t<\/div>\n\t\t<\/section>\n\t\t\t\t<section data-particle_enable=\"false\" data-particle-mobile-disabled=\"false\" class=\"elementor-section elementor-top-section elementor-element elementor-element-49793a3 elementor-reverse-mobile elementor-section-boxed elementor-section-height-default elementor-section-height-default\" data-id=\"49793a3\" data-element_type=\"section\" data-settings=\"{&quot;background_background&quot;:&quot;classic&quot;}\">\n\t\t\t\t\t\t<div class=\"elementor-container elementor-column-gap-default\">\n\t\t\t\t\t<div class=\"elementor-column elementor-col-50 elementor-top-column elementor-element elementor-element-7a9ac89\" data-id=\"7a9ac89\" data-element_type=\"column\">\n\t\t\t<div class=\"elementor-widget-wrap elementor-element-populated\">\n\t\t\t\t\t\t\t\t<div class=\"elementor-element elementor-element-934d334 elementor-widget elementor-widget-heading\" data-id=\"934d334\" data-element_type=\"widget\" data-widget_type=\"heading.default\">\n\t\t\t\t<div class=\"elementor-widget-container\">\n\t\t\t<h3 class=\"elementor-heading-title elementor-size-default\">Eventos<\/h3>\t\t<\/div>\n\t\t\t\t<\/div>\n\t\t\t\t<div class=\"elementor-element elementor-element-d4d6f07 elementor-widget elementor-widget-text-editor\" data-id=\"d4d6f07\" data-element_type=\"widget\" data-widget_type=\"text-editor.default\">\n\t\t\t\t<div class=\"elementor-widget-container\">\n\t\t\t\t\t\t\t<p>\u00a1Desarrolla tus habilidades ministeriales junto con tu equipo con este completo evento de capacitaci\u00f3n! Es de uso gratuito y est\u00e1 listo con sermones, talleres, actividades y m\u00fasica disponible en 17 idiomas diferentes.<\/p>\t\t\t\t\t\t<\/div>\n\t\t\t\t<\/div>\n\t\t\t\t<div class=\"elementor-element elementor-element-6328549 elementor-align-center elementor-widget__width-auto elementor-widget-mobile__width-inherit elementor-widget elementor-widget-button\" data-id=\"6328549\" data-element_type=\"widget\" data-widget_type=\"button.default\">\n\t\t\t\t<div class=\"elementor-widget-container\">\n\t\t\t\t\t<div class=\"elementor-button-wrapper\">\n\t\t\t<a class=\"elementor-button elementor-button-link elementor-size-md\" href=\"http:\/\/pro-vismex.com\/celebrate-teacher-private-english\/\" target=\"_blank\">\n\t\t\t\t\t\t<span class=\"elementor-button-content-wrapper\">\n\t\t\t\t\t\t<span class=\"elementor-button-text\">Descargar ahora<\/span>\n\t\t<\/span>\n\t\t\t\t\t<\/a>\n\t\t<\/div>\n\t\t\t\t<\/div>\n\t\t\t\t<\/div>\n\t\t\t\t\t<\/div>\n\t\t<\/div>\n\t\t\t\t<div class=\"elementor-column elementor-col-50 elementor-top-column elementor-element elementor-element-e13e8ba\" data-id=\"e13e8ba\" data-element_type=\"column\">\n\t\t\t<div class=\"elementor-widget-wrap elementor-element-populated\">\n\t\t\t\t\t\t\t\t<div class=\"elementor-element elementor-element-3defb07 elementor-widget elementor-widget-image\" data-id=\"3defb07\" data-element_type=\"widget\" data-widget_type=\"image.default\">\n\t\t\t\t<div class=\"elementor-widget-container\">\n\t\t\t\t\t\t\t\t\t\t\t\t\t\t\t<img decoding=\"async\" width=\"600\" height=\"600\" src=\"https:\/\/equipandgrow.org\/es\/wp-content\/uploads\/sites\/5\/2023\/03\/Events.png\" class=\"attachment-large size-large wp-image-28499\" alt=\"\" srcset=\"https:\/\/equipandgrow.org\/es\/wp-content\/uploads\/sites\/5\/2023\/03\/Events.png 600w, https:\/\/equipandgrow.org\/es\/wp-content\/uploads\/sites\/5\/2023\/03\/Events-300x300.png 300w, https:\/\/equipandgrow.org\/es\/wp-content\/uploads\/sites\/5\/2023\/03\/Events-150x150.png 150w\" sizes=\"(max-width: 600px) 100vw, 600px\" \/>\t\t\t\t\t\t\t\t\t\t\t\t\t\t\t<\/div>\n\t\t\t\t<\/div>\n\t\t\t\t\t<\/div>\n\t\t<\/div>\n\t\t\t\t\t\t\t<\/div>\n\t\t<\/section>\n\t\t\t\t<section data-particle_enable=\"false\" data-particle-mobile-disabled=\"false\" class=\"elementor-section elementor-top-section elementor-element elementor-element-41583ba elementor-section-boxed elementor-section-height-default elementor-section-height-default\" data-id=\"41583ba\" data-element_type=\"section\" data-settings=\"{&quot;background_background&quot;:&quot;classic&quot;}\">\n\t\t\t\t\t\t<div class=\"elementor-container elementor-column-gap-default\">\n\t\t\t\t\t<div class=\"elementor-column elementor-col-50 elementor-top-column elementor-element elementor-element-d71d478\" data-id=\"d71d478\" data-element_type=\"column\">\n\t\t\t<div class=\"elementor-widget-wrap elementor-element-populated\">\n\t\t\t\t\t\t\t\t<div class=\"elementor-element elementor-element-71fa1fc elementor-widget elementor-widget-image\" data-id=\"71fa1fc\" data-element_type=\"widget\" data-widget_type=\"image.default\">\n\t\t\t\t<div class=\"elementor-widget-container\">\n\t\t\t\t\t\t\t\t\t\t\t\t\t\t\t<img decoding=\"async\" width=\"600\" height=\"600\" src=\"https:\/\/equipandgrow.org\/es\/wp-content\/uploads\/sites\/5\/2023\/03\/Curriculum.png\" class=\"attachment-large size-large wp-image-28496\" alt=\"\" srcset=\"https:\/\/equipandgrow.org\/es\/wp-content\/uploads\/sites\/5\/2023\/03\/Curriculum.png 600w, https:\/\/equipandgrow.org\/es\/wp-content\/uploads\/sites\/5\/2023\/03\/Curriculum-300x300.png 300w, https:\/\/equipandgrow.org\/es\/wp-content\/uploads\/sites\/5\/2023\/03\/Curriculum-150x150.png 150w\" sizes=\"(max-width: 600px) 100vw, 600px\" \/>\t\t\t\t\t\t\t\t\t\t\t\t\t\t\t<\/div>\n\t\t\t\t<\/div>\n\t\t\t\t\t<\/div>\n\t\t<\/div>\n\t\t\t\t<div class=\"elementor-column elementor-col-50 elementor-top-column elementor-element elementor-element-a013d80\" data-id=\"a013d80\" data-element_type=\"column\">\n\t\t\t<div class=\"elementor-widget-wrap elementor-element-populated\">\n\t\t\t\t\t\t\t\t<div class=\"elementor-element elementor-element-fd8a685 elementor-widget elementor-widget-heading\" data-id=\"fd8a685\" data-element_type=\"widget\" data-widget_type=\"heading.default\">\n\t\t\t\t<div class=\"elementor-widget-container\">\n\t\t\t<h3 class=\"elementor-heading-title elementor-size-default\">Cursos<\/h3>\t\t<\/div>\n\t\t\t\t<\/div>\n\t\t\t\t<div class=\"elementor-element elementor-element-6fcaae6 elementor-widget elementor-widget-text-editor\" data-id=\"6fcaae6\" data-element_type=\"widget\" data-widget_type=\"text-editor.default\">\n\t\t\t\t<div class=\"elementor-widget-container\">\n\t\t\t\t\t\t\t<p>Nuestro curso de entrenamiento VIP es un programa de capacitaci\u00f3n de 12 lecciones para maestros y l\u00edderes del ministerio de ni\u00f1os, completo con tareas regulares y un certificado de graduaci\u00f3n. Este soporte personalizado ahora est\u00e1 disponible en Am\u00e9rica Latina e India.<\/p>\t\t\t\t\t\t<\/div>\n\t\t\t\t<\/div>\n\t\t\t\t<div class=\"elementor-element elementor-element-3585f8e elementor-align-center elementor-widget__width-auto elementor-widget-mobile__width-inherit elementor-widget elementor-widget-button\" data-id=\"3585f8e\" data-element_type=\"widget\" data-widget_type=\"button.default\">\n\t\t\t\t<div class=\"elementor-widget-container\">\n\t\t\t\t\t<div class=\"elementor-button-wrapper\">\n\t\t\t<a class=\"elementor-button elementor-button-link elementor-size-md\" href=\"\/es\/blog\/category\/stories\/\">\n\t\t\t\t\t\t<span class=\"elementor-button-content-wrapper\">\n\t\t\t\t\t\t<span class=\"elementor-button-text\">Testimonios<\/span>\n\t\t<\/span>\n\t\t\t\t\t<\/a>\n\t\t<\/div>\n\t\t\t\t<\/div>\n\t\t\t\t<\/div>\n\t\t\t\t\t<\/div>\n\t\t<\/div>\n\t\t\t\t\t\t\t<\/div>\n\t\t<\/section>\n\t\t\t\t<section data-particle_enable=\"false\" data-particle-mobile-disabled=\"false\" class=\"elementor-section elementor-top-section elementor-element elementor-element-aec7240 elementor-reverse-mobile elementor-section-boxed elementor-section-height-default elementor-section-height-default\" data-id=\"aec7240\" data-element_type=\"section\" data-settings=\"{&quot;background_background&quot;:&quot;classic&quot;}\">\n\t\t\t\t\t\t<div class=\"elementor-container elementor-column-gap-default\">\n\t\t\t\t\t<div class=\"elementor-column elementor-col-50 elementor-top-column elementor-element elementor-element-b37a857\" data-id=\"b37a857\" data-element_type=\"column\">\n\t\t\t<div class=\"elementor-widget-wrap elementor-element-populated\">\n\t\t\t\t\t\t\t\t<div class=\"elementor-element elementor-element-4d340ca elementor-widget elementor-widget-heading\" data-id=\"4d340ca\" data-element_type=\"widget\" data-widget_type=\"heading.default\">\n\t\t\t\t<div class=\"elementor-widget-container\">\n\t\t\t<h3 class=\"elementor-heading-title elementor-size-default\">Talleres de trabajo<\/h3>\t\t<\/div>\n\t\t\t\t<\/div>\n\t\t\t\t<div class=\"elementor-element elementor-element-a58ceeb elementor-widget elementor-widget-text-editor\" data-id=\"a58ceeb\" data-element_type=\"widget\" data-widget_type=\"text-editor.default\">\n\t\t\t\t<div class=\"elementor-widget-container\">\n\t\t\t\t\t\t\t<p>Explore todos nuestros talleres para maestros y l\u00edderes. Encontrar\u00e1 juegos, ideas para acampar, actividades con vers\u00edculos de la Biblia, figuras con globos, recaudaci\u00f3n de fondos, disciplina, prevenci\u00f3n del abuso, vacaciones, manualidades y m\u00e1s.<\/p>\t\t\t\t\t\t<\/div>\n\t\t\t\t<\/div>\n\t\t\t\t<div class=\"elementor-element elementor-element-622f903 elementor-align-center elementor-widget__width-auto elementor-widget-mobile__width-inherit elementor-widget elementor-widget-button\" data-id=\"622f903\" data-element_type=\"widget\" data-widget_type=\"button.default\">\n\t\t\t\t<div class=\"elementor-widget-container\">\n\t\t\t\t\t<div class=\"elementor-button-wrapper\">\n\t\t\t<a class=\"elementor-button elementor-button-link elementor-size-md\" href=\"http:\/\/www.childrenareimportant.com\/myCMU\/\">\n\t\t\t\t\t\t<span class=\"elementor-button-content-wrapper\">\n\t\t\t\t\t\t<span class=\"elementor-button-text\">Explorar talleres<\/span>\n\t\t<\/span>\n\t\t\t\t\t<\/a>\n\t\t<\/div>\n\t\t\t\t<\/div>\n\t\t\t\t<\/div>\n\t\t\t\t\t<\/div>\n\t\t<\/div>\n\t\t\t\t<div class=\"elementor-column elementor-col-50 elementor-top-column elementor-element elementor-element-e64ff17\" data-id=\"e64ff17\" data-element_type=\"column\">\n\t\t\t<div class=\"elementor-widget-wrap elementor-element-populated\">\n\t\t\t\t\t\t\t\t<div class=\"elementor-element elementor-element-795aacc elementor-widget elementor-widget-image\" data-id=\"795aacc\" data-element_type=\"widget\" data-widget_type=\"image.default\">\n\t\t\t\t<div class=\"elementor-widget-container\">\n\t\t\t\t\t\t\t\t\t\t\t\t\t\t\t<img decoding=\"async\" width=\"600\" height=\"600\" src=\"https:\/\/equipandgrow.org\/es\/wp-content\/uploads\/sites\/5\/2023\/03\/Workshops.png\" class=\"attachment-large size-large wp-image-28502\" alt=\"\" srcset=\"https:\/\/equipandgrow.org\/es\/wp-content\/uploads\/sites\/5\/2023\/03\/Workshops.png 600w, https:\/\/equipandgrow.org\/es\/wp-content\/uploads\/sites\/5\/2023\/03\/Workshops-300x300.png 300w, https:\/\/equipandgrow.org\/es\/wp-content\/uploads\/sites\/5\/2023\/03\/Workshops-150x150.png 150w\" sizes=\"(max-width: 600px) 100vw, 600px\" \/>\t\t\t\t\t\t\t\t\t\t\t\t\t\t\t<\/div>\n\t\t\t\t<\/div>\n\t\t\t\t\t<\/div>\n\t\t<\/div>\n\t\t\t\t\t\t\t<\/div>\n\t\t<\/section>\n\t\t\t\t<section data-particle_enable=\"false\" data-particle-mobile-disabled=\"false\" class=\"elementor-section elementor-top-section elementor-element elementor-element-15e5584 elementor-section-boxed elementor-section-height-default elementor-section-height-default\" data-id=\"15e5584\" data-element_type=\"section\" data-settings=\"{&quot;background_background&quot;:&quot;classic&quot;}\">\n\t\t\t\t\t\t<div class=\"elementor-container elementor-column-gap-default\">\n\t\t\t\t\t<div class=\"elementor-column elementor-col-100 elementor-top-column elementor-element elementor-element-9d33d19\" data-id=\"9d33d19\" data-element_type=\"column\">\n\t\t\t<div class=\"elementor-widget-wrap elementor-element-populated\">\n\t\t\t\t\t\t\t\t<div class=\"elementor-element elementor-element-d743bcb elementor-widget elementor-widget-heading\" data-id=\"d743bcb\" data-element_type=\"widget\" data-widget_type=\"heading.default\">\n\t\t\t\t<div class=\"elementor-widget-container\">\n\t\t\t<h2 class=\"elementor-heading-title elementor-size-default\">Cambia el mundo con nosotros<\/h2>\t\t<\/div>\n\t\t\t\t<\/div>\n\t\t\t\t<div class=\"elementor-element elementor-element-fa222b6 elementor-widget elementor-widget-text-editor\" data-id=\"fa222b6\" data-element_type=\"widget\" data-widget_type=\"text-editor.default\">\n\t\t\t\t<div class=\"elementor-widget-container\">\n\t\t\t\t\t\t\t<p>Todos merecen la oportunidad de escuchar sobre el amor de Dios y ser transformados por \u00e9l, y continuaremos trabajando para que nuestros recursos est\u00e9n disponibles para las personas en su propio idioma.<\/p>\t\t\t\t\t\t<\/div>\n\t\t\t\t<\/div>\n\t\t\t\t<div class=\"elementor-element elementor-element-382fc22 elementor-align-center elementor-widget__width-inherit elementor-widget elementor-widget-button\" data-id=\"382fc22\" data-element_type=\"widget\" data-widget_type=\"button.default\">\n\t\t\t\t<div class=\"elementor-widget-container\">\n\t\t\t\t\t<div class=\"elementor-button-wrapper\">\n\t\t\t<a class=\"elementor-button elementor-button-link elementor-size-md\" href=\"\/in\/donate\/\">\n\t\t\t\t\t\t<span class=\"elementor-button-content-wrapper\">\n\t\t\t\t\t\t<span class=\"elementor-button-text\">Donar Ahora <\/span>\n\t\t<\/span>\n\t\t\t\t\t<\/a>\n\t\t<\/div>\n\t\t\t\t<\/div>\n\t\t\t\t<\/div>\n\t\t\t\t\t<\/div>\n\t\t<\/div>\n\t\t\t\t\t\t\t<\/div>\n\t\t<\/section>\n\t\t\t\t\t\t\t<\/div>\n\t\t","protected":false},"excerpt":{"rendered":"<p>Capacitaci\u00f3n y recursos para maestros, l\u00edderes y voluntarios del ministerio de ni\u00f1os. Descargue talleres, vea videos de capacitaci\u00f3n u obtenga m\u00e1s informaci\u00f3n sobre nuestros cursos detallados. Eventos \u00a1Desarrolla tus habilidades ministeriales junto con tu equipo con este completo evento de capacitaci\u00f3n! Es de uso gratuito y est\u00e1 listo con sermones, talleres, actividades y m\u00fasica disponible [&hellip;]<\/p>\n","protected":false},"author":62,"featured_media":0,"parent":0,"menu_order":0,"comment_status":"closed","ping_status":"closed","template":"elementor_header_footer","meta":{"_seopress_robots_primary_cat":"","footnotes":""},"class_list":["post-27865","page","type-page","status-publish","hentry"],"acf":[],"_links":{"self":[{"href":"https:\/\/equipandgrow.org\/es\/wp-json\/wp\/v2\/pages\/27865","targetHints":{"allow":["GET"]}}],"collection":[{"href":"https:\/\/equipandgrow.org\/es\/wp-json\/wp\/v2\/pages"}],"about":[{"href":"https:\/\/equipandgrow.org\/es\/wp-json\/wp\/v2\/types\/page"}],"author":[{"embeddable":true,"href":"https:\/\/equipandgrow.org\/es\/wp-json\/wp\/v2\/users\/62"}],"replies":[{"embeddable":true,"href":"https:\/\/equipandgrow.org\/es\/wp-json\/wp\/v2\/comments?post=27865"}],"version-history":[{"count":114,"href":"https:\/\/equipandgrow.org\/es\/wp-json\/wp\/v2\/pages\/27865\/revisions"}],"predecessor-version":[{"id":29876,"href":"https:\/\/equipandgrow.org\/es\/wp-json\/wp\/v2\/pages\/27865\/revisions\/29876"}],"wp:attachment":[{"href":"https:\/\/equipandgrow.org\/es\/wp-json\/wp\/v2\/media?parent=27865"}],"curies":[{"name":"wp","href":"https:\/\/api.w.org\/{rel}","templated":true}]}}